{"id":10098,"date":"2024-03-17T15:22:42","date_gmt":"2024-03-17T15:22:42","guid":{"rendered":"https:\/\/www.l3g.tn\/?page_id=10098"},"modified":"2024-06-12T08:58:11","modified_gmt":"2024-06-12T08:58:11","slug":"geodynamic","status":"publish","type":"page","link":"https:\/\/www.l3g.tn\/en\/geodynamic\/","title":{"rendered":"Geodynamics"},"content":{"rendered":"<div class=\"wpb-content-wrapper\"><div data-vc-full-width=\"true\" data-vc-full-width-init=\"false\" class=\"vc_row wpb_row vc_row-fluid vc_custom_1600778540262 vc_custom_1600778540263 vc_custom_1600778540264 vc_row-has-padding-top vc_row-has-padding-bottom vc_row-bg-position-top\"><div class=\"wpb_column vc_column_container vc_col-sm-12\"><div class=\"vc_column-inner\"><div class=\"wpb_wrapper\"><div class=\"vc_row wpb_row vc_inner vc_row-fluid vc_row-bg-position-top vc_row-o-content-top vc_row-flex\"><div class=\"wpb_column vc_column_container vc_col-sm-12 vc_col-lg-offset-0 vc_col-lg-6 vc_col-md-offset-1 vc_col-sm-offset-1\"><div class=\"vc_column-inner vc_custom_1717789412370 vc_custom_1717789412371 vc_custom_1717789412372 vc_custom_1717789412373\"><div class=\"wpb_wrapper\"><header class=\"kd-section-title col-lg-12 text-left  subtitle-below-title kd-animated fadeIn text-justify-p  vc_custom_1718145530321\" data-animation-delay=\"200\"><h2 class=\"separator_off\" style=\"margin-bottom:30px;\">Geodynamic exploration:<br \/>\nDiscover the Mysteries of our Planet<\/h2><h6 class=\"subtitle\" >Geodynamics is concerned with the study of deformation on the scale of the mineral (small scale: micro-tectonics), on the scale of the rock and rock outcrops on the Earth's surface (medium scale: tectonics\/structural geology) and on the scale of the Earth (large scale: global tectonics).<\/h6><\/header><\/div><\/div><\/div><div class=\"wpb_column vc_column_container vc_col-sm-12 vc_col-lg-6\"><div class=\"vc_column-inner vc_custom_1712248470683\"><div class=\"wpb_wrapper\">\n\t<div  class=\"wpb_single_image wpb_content_element vc_align_left\">\n\t\t\n\t\t<figure class=\"wpb_wrapper vc_figure\">\n\t\t\t<div class=\"vc_single_image-wrapper   vc_box_border_grey\"><img loading=\"lazy\" decoding=\"async\" width=\"2560\" height=\"1707\" src=\"https:\/\/www.l3g.tn\/wp-content\/uploads\/2024\/03\/1-.jpg\" class=\"vc_single_image-img attachment-full\" alt=\"\" title=\"1--\" srcset=\"https:\/\/www.l3g.tn\/wp-content\/uploads\/2024\/03\/1-.jpg 2560w, https:\/\/www.l3g.tn\/wp-content\/uploads\/2024\/03\/1--300x200.jpg 300w, https:\/\/www.l3g.tn\/wp-content\/uploads\/2024\/03\/1--1024x683.jpg 1024w, https:\/\/www.l3g.tn\/wp-content\/uploads\/2024\/03\/1--768x512.jpg 768w, https:\/\/www.l3g.tn\/wp-content\/uploads\/2024\/03\/1--1536x1024.jpg 1536w, https:\/\/www.l3g.tn\/wp-content\/uploads\/2024\/03\/1--2048x1366.jpg 2048w, https:\/\/www.l3g.tn\/wp-content\/uploads\/2024\/03\/1--18x12.jpg 18w, https:\/\/www.l3g.tn\/wp-content\/uploads\/2024\/03\/1--800x533.jpg 800w\" sizes=\"auto, (max-width: 2560px) 100vw, 2560px\" \/><\/div>\n\t\t<\/figure>\n\t<\/div>\n<\/div><\/div><\/div><\/div><\/div><\/div><\/div><\/div><div class=\"vc_row-full-width vc_clearfix\"><\/div>\n<\/div>","protected":false},"excerpt":{"rendered":"Exploration G\u00e9odynamique: D\u00e9couvrez les Myst\u00e8res de notre Plan\u00e8teLa g\u00e9odynamique s\u2019int\u00e9resse \u00e0 l\u2019\u00e9tude de la d\u00e9formation \u00e0 l\u2019\u00e9chelle du min\u00e9ral (petite [...]","protected":false},"author":1,"featured_media":0,"parent":0,"menu_order":0,"comment_status":"closed","ping_status":"closed","template":"","meta":{"_EventAllDay":false,"_EventTimezone":"","_EventStartDate":"","_EventEndDate":"","_EventStartDateUTC":"","_EventEndDateUTC":"","_EventShowMap":false,"_EventShowMapLink":false,"_EventURL":"","_EventCost":"","_EventCostDescription":"","_EventCurrencySymbol":"","_EventCurrencyCode":"","_EventCurrencyPosition":"","_EventDateTimeSeparator":"","_EventTimeRangeSeparator":"","_EventOrganizerID":[],"_EventVenueID":[],"_OrganizerEmail":"","_OrganizerPhone":"","_OrganizerWebsite":"","_VenueAddress":"","_VenueCity":"","_VenueCountry":"","_VenueProvince":"","_VenueState":"","_VenueZip":"","_VenuePhone":"","_VenueURL":"","_VenueStateProvince":"","_VenueLat":"","_VenueLng":"","_VenueShowMap":false,"_VenueShowMapLink":false,"footnotes":""},"class_list":["post-10098","page","type-page","status-publish","hentry"],"_links":{"self":[{"href":"https:\/\/www.l3g.tn\/en\/wp-json\/wp\/v2\/pages\/10098","targetHints":{"allow":["GET"]}}],"collection":[{"href":"https:\/\/www.l3g.tn\/en\/wp-json\/wp\/v2\/pages"}],"about":[{"href":"https:\/\/www.l3g.tn\/en\/wp-json\/wp\/v2\/types\/page"}],"author":[{"embeddable":true,"href":"https:\/\/www.l3g.tn\/en\/wp-json\/wp\/v2\/users\/1"}],"replies":[{"embeddable":true,"href":"https:\/\/www.l3g.tn\/en\/wp-json\/wp\/v2\/comments?post=10098"}],"version-history":[{"count":19,"href":"https:\/\/www.l3g.tn\/en\/wp-json\/wp\/v2\/pages\/10098\/revisions"}],"predecessor-version":[{"id":10613,"href":"https:\/\/www.l3g.tn\/en\/wp-json\/wp\/v2\/pages\/10098\/revisions\/10613"}],"wp:attachment":[{"href":"https:\/\/www.l3g.tn\/en\/wp-json\/wp\/v2\/media?parent=10098"}],"curies":[{"name":"wp","href":"https:\/\/api.w.org\/{rel}","templated":true}]}}