{"id":10099,"date":"2024-03-17T15:22:42","date_gmt":"2024-03-17T15:22:42","guid":{"rendered":"https:\/\/www.l3g.tn\/?page_id=10099"},"modified":"2024-06-12T00:24:37","modified_gmt":"2024-06-12T00:24:37","slug":"geonumeric","status":"publish","type":"page","link":"https:\/\/www.l3g.tn\/en\/geonumeric\/","title":{"rendered":"Geonumeric"},"content":{"rendered":"<div class=\"wpb-content-wrapper\"><div data-vc-full-width=\"true\" data-vc-full-width-init=\"false\" class=\"vc_row wpb_row vc_row-fluid vc_custom_1718146519789 vc_custom_1718146519790 vc_custom_1718146519791 vc_row-has-padding-top vc_row-has-padding-bottom vc_row-bg-position-top\"><div class=\"wpb_column vc_column_container vc_col-sm-12\"><div class=\"vc_column-inner\"><div class=\"wpb_wrapper\"><div class=\"vc_row wpb_row vc_inner vc_row-fluid vc_row-bg-position-top vc_row-o-content-top vc_row-flex\"><div class=\"wpb_column vc_column_container vc_col-sm-12 vc_col-lg-offset-0 vc_col-lg-6 vc_col-md-offset-1 vc_col-sm-offset-1\"><div class=\"vc_column-inner vc_custom_1718146459348 vc_custom_1718146459351 vc_custom_1718146459355 vc_custom_1718146459357\"><div class=\"wpb_wrapper\"><header class=\"kd-section-title col-lg-12 text-left  subtitle-below-title kd-animated fadeIn text-justify-p  vc_custom_1718146498745\" data-animation-delay=\"200\"><h2 class=\"separator_off\" style=\"margin-bottom:30px;\">Geonumeric exploration :<br \/>\nDiscover the Secrets of Virtual Space<\/h2><h6 class=\"subtitle\" >L3G's G\u00e9onum\u00e9rique subsidiary focuses on geomatics, from interactive cartography to 3D modeling, geographic information systems (GIS) and remote sensing, photogrammetry and webmapping. Geomatics, in particular, is a highly developed and rapidly evolving discipline. It integrates new technologies for the collection, analysis, interpretation and dissemination of geospatial data.<\/h6><\/header><\/div><\/div><\/div><div class=\"wpb_column vc_column_container vc_col-sm-12 vc_col-lg-6\"><div class=\"vc_column-inner vc_custom_1712248804547\"><div class=\"wpb_wrapper\">\n\t<div  class=\"wpb_single_image wpb_content_element vc_align_left\">\n\t\t\n\t\t<figure class=\"wpb_wrapper vc_figure\">\n\t\t\t<div class=\"vc_single_image-wrapper   vc_box_border_grey\"><img loading=\"lazy\" decoding=\"async\" width=\"1280\" height=\"691\" src=\"https:\/\/www.l3g.tn\/wp-content\/uploads\/2024\/06\/image5.jpg\" class=\"vc_single_image-img attachment-full\" alt=\"\" title=\"image5\" srcset=\"https:\/\/www.l3g.tn\/wp-content\/uploads\/2024\/06\/image5.jpg 1280w, https:\/\/www.l3g.tn\/wp-content\/uploads\/2024\/06\/image5-300x162.jpg 300w, https:\/\/www.l3g.tn\/wp-content\/uploads\/2024\/06\/image5-1024x553.jpg 1024w, https:\/\/www.l3g.tn\/wp-content\/uploads\/2024\/06\/image5-768x415.jpg 768w, https:\/\/www.l3g.tn\/wp-content\/uploads\/2024\/06\/image5-18x10.jpg 18w, https:\/\/www.l3g.tn\/wp-content\/uploads\/2024\/06\/image5-800x432.jpg 800w\" sizes=\"auto, (max-width: 1280px) 100vw, 1280px\" \/><\/div>\n\t\t<\/figure>\n\t<\/div>\n<\/div><\/div><\/div><\/div><\/div><\/div><\/div><\/div><div class=\"vc_row-full-width vc_clearfix\"><\/div><div data-vc-full-width=\"true\" data-vc-full-width-init=\"false\" class=\"vc_row wpb_row vc_row-fluid vc_custom_1712243517150 vc_row-has-padding-top vc_row-has-padding-bottom vc_row-bg-position-top\"><div class=\"wpb_column vc_column_container vc_col-sm-12 vc_col-lg-6\"><div class=\"vc_column-inner vc_custom_1717788725399   vc_custom_1717788725408\"><div class=\"wpb_wrapper\"><h6 style=\"font-size: 18px;line-height: 1.6;text-align: justify\" class=\"vc_custom_heading wpb_animate_when_almost_visible wpb_fadeIn fadeIn vc_custom_1718146486729\" >This data is essential for fields such as natural resource management, natural risk management, urban planning, precision agriculture and many others.<\/h6><\/div><\/div><\/div><div class=\"wpb_column vc_column_container vc_col-sm-12 vc_col-lg-6\"><div class=\"vc_column-inner vc_custom_1717788697359   vc_custom_1717788697365\"><div class=\"wpb_wrapper\"><h6 style=\"font-size: 18px;line-height: 1.6;text-align: justify\" class=\"vc_custom_heading wpb_animate_when_almost_visible wpb_fadeIn fadeIn vc_custom_1718146330887\" >Thanks to technological advances, this discipline enables us to develop sophisticated tools and methods for better understanding and management of our environment.<\/h6><\/div><\/div><\/div><\/div><div class=\"vc_row-full-width vc_clearfix\"><\/div><div class=\"vc_row wpb_row vc_row-fluid vc_row-bg-position-top\"><div class=\"wpb_column vc_column_container vc_col-sm-12\"><div class=\"vc_column-inner\"><div class=\"wpb_wrapper\"><div class=\"slider clients no-effect kd-client-69fa0ae2194af  carousel-labo\"><div class=\"clients-content\" ><img loading=\"lazy\" decoding=\"async\" width=\"1024\" height=\"729\" src=\"https:\/\/www.l3g.tn\/wp-content\/uploads\/2024\/06\/vc_gitem_image-1-1.png\" class=\"attachment-full\" alt=\"\" title=\"vc_gitem_image (1)\" srcset=\"https:\/\/www.l3g.tn\/wp-content\/uploads\/2024\/06\/vc_gitem_image-1-1.png 1024w, https:\/\/www.l3g.tn\/wp-content\/uploads\/2024\/06\/vc_gitem_image-1-1-300x214.png 300w, https:\/\/www.l3g.tn\/wp-content\/uploads\/2024\/06\/vc_gitem_image-1-1-768x547.png 768w, https:\/\/www.l3g.tn\/wp-content\/uploads\/2024\/06\/vc_gitem_image-1-1-18x12.png 18w, https:\/\/www.l3g.tn\/wp-content\/uploads\/2024\/06\/vc_gitem_image-1-1-800x570.png 800w\" sizes=\"auto, (max-width: 1024px) 100vw, 1024px\" \/><\/div><div class=\"clients-content\" ><img loading=\"lazy\" decoding=\"async\" width=\"1024\" height=\"729\" src=\"https:\/\/www.l3g.tn\/wp-content\/uploads\/2024\/06\/vc_gitem_image-2.png\" class=\"attachment-full\" alt=\"\" title=\"vc_gitem_image (2)\" srcset=\"https:\/\/www.l3g.tn\/wp-content\/uploads\/2024\/06\/vc_gitem_image-2.png 1024w, https:\/\/www.l3g.tn\/wp-content\/uploads\/2024\/06\/vc_gitem_image-2-300x214.png 300w, https:\/\/www.l3g.tn\/wp-content\/uploads\/2024\/06\/vc_gitem_image-2-768x547.png 768w, https:\/\/www.l3g.tn\/wp-content\/uploads\/2024\/06\/vc_gitem_image-2-18x12.png 18w, https:\/\/www.l3g.tn\/wp-content\/uploads\/2024\/06\/vc_gitem_image-2-800x570.png 800w\" sizes=\"auto, (max-width: 1024px) 100vw, 1024px\" \/><\/div><div class=\"clients-content\" ><img loading=\"lazy\" decoding=\"async\" width=\"1024\" height=\"729\" src=\"https:\/\/www.l3g.tn\/wp-content\/uploads\/2024\/06\/vc_gitem_image-3.png\" class=\"attachment-full\" alt=\"\" title=\"vc_gitem_image (3)\" srcset=\"https:\/\/www.l3g.tn\/wp-content\/uploads\/2024\/06\/vc_gitem_image-3.png 1024w, https:\/\/www.l3g.tn\/wp-content\/uploads\/2024\/06\/vc_gitem_image-3-300x214.png 300w, https:\/\/www.l3g.tn\/wp-content\/uploads\/2024\/06\/vc_gitem_image-3-768x547.png 768w, https:\/\/www.l3g.tn\/wp-content\/uploads\/2024\/06\/vc_gitem_image-3-18x12.png 18w, https:\/\/www.l3g.tn\/wp-content\/uploads\/2024\/06\/vc_gitem_image-3-800x570.png 800w\" sizes=\"auto, (max-width: 1024px) 100vw, 1024px\" \/><\/div><\/div><script>\n              jQuery(document).ready(function($){\n                if ($(\".slider.clients.kd-client-69fa0ae2194af\").length) {\n                  $(\".slider.clients.kd-client-69fa0ae2194af\").owlCarousel({\n                    stageClass: \"owl-wrapper\",\n                    stageOuterClass: \"owl-wrapper-outer\",\n                    loadedClass: \"owl-carousel\",\n                    responsiveClass:true,\n                    responsive:{\n                      0:{\n                          items:2,dots: false,},\n                      415:{\n                          items:3,dots: false,},\n                      960:{\n                          items:3,dots: false,}\n                    },\n                  });\n                }\n              });\n            <\/script><\/div><\/div><\/div><\/div><div data-vc-full-width=\"true\" data-vc-full-width-init=\"false\" class=\"vc_row wpb_row vc_row-fluid vc_custom_1718149231096 vc_custom_1718149231099 vc_custom_1718149231101 vc_row-has-padding-top vc_row-has-padding-bottom vc_row-bg-position-top\"><div class=\"wpb_column vc_column_container vc_col-sm-12\"><div class=\"vc_column-inner\"><div class=\"wpb_wrapper\"><div class=\"vc_row wpb_row vc_inner vc_row-fluid vc_row-bg-position-top vc_row-o-content-top vc_row-flex\"><div class=\"wpb_column vc_column_container vc_col-sm-12 vc_col-lg-offset-0 vc_col-lg-6 vc_col-md-offset-1 vc_col-sm-offset-1\"><div class=\"vc_column-inner vc_custom_1717789504624 vc_custom_1717789504627 vc_custom_1717789504629 vc_custom_1717789504631\"><div class=\"wpb_wrapper\"><header class=\"kd-section-title col-lg-12 text-left  subtitle-below-title kd-animated fadeIn   vc_custom_1718151837082\" data-animation-delay=\"200\"><h2 class=\"separator_off\" style=\"margin-bottom:30px;\">L3G's main Geomatics activities<\/h2><h6 class=\"subtitle\" >1- Cartography and Geographic Information Systems (GIS)<br \/>\n2- Remote sensing and photogrammetry<br \/>\n3- 2D\/3D Geomodeling and Spatial Analysis<br \/>\n4- Global Positioning Systems (GPS) and Geodesy<br \/>\n5- Applications in Land and Environmental Management<br \/>\n6- Geomatics development and tools: Webmapping<br \/>\n7- Training and dissemination of geomatics knowledge<br \/>\n8- Student supervision<\/h6><\/header><\/div><\/div><\/div><div class=\"wpb_column vc_column_container vc_col-sm-12 vc_col-lg-6\"><div class=\"vc_column-inner vc_custom_1712248804547\"><div class=\"wpb_wrapper\"><header class=\"kd-section-title col-lg-12 text-left  subtitle-below-title kd-animated fadeIn   vc_custom_1718151868138\" data-animation-delay=\"200\"><h2 class=\"separator_off\" style=\"margin-bottom:30px;\">The contribution of geomatics to geology<\/h2><h6 class=\"subtitle\" ><\/p>\n<h5>General Geology:<\/h5>\n<h6>Geomatics provides essential tools and methods for collecting, managing, analyzing and visualizing geological data. Specific applications include:<\/h6>\n<h6>- Geological Cartography<br \/>\n- 3D modeling<br \/>\n- Spatial Analysis<\/h6>\n<h5>Structural Geology:<\/h5>\n<h6>- Structural mapping (Lineament)<br \/>\n- Deformation analysis<br \/>\n- Modeling and Simulation<br \/>\n- Multi-Source Data Integration<\/h6>\n<p><\/h6><\/header><\/div><\/div><\/div><\/div><\/div><\/div><\/div><\/div><div class=\"vc_row-full-width vc_clearfix\"><\/div><div class=\"vc_row wpb_row vc_row-fluid vc_row-bg-position-top\"><div class=\"wpb_column vc_column_container vc_col-sm-12\"><div class=\"vc_column-inner\"><div class=\"wpb_wrapper\"><div class=\"slider clients no-effect kd-client-69fa0ae21a826  carousel-labo-2\"><div class=\"clients-content\" ><img loading=\"lazy\" decoding=\"async\" width=\"600\" height=\"400\" src=\"https:\/\/www.l3g.tn\/wp-content\/uploads\/2024\/06\/l3g2.png\" class=\"attachment-full\" alt=\"\" title=\"l3g2\" srcset=\"https:\/\/www.l3g.tn\/wp-content\/uploads\/2024\/06\/l3g2.png 600w, https:\/\/www.l3g.tn\/wp-content\/uploads\/2024\/06\/l3g2-300x200.png 300w, https:\/\/www.l3g.tn\/wp-content\/uploads\/2024\/06\/l3g2-18x12.png 18w\" sizes=\"auto, (max-width: 600px) 100vw, 600px\" \/><\/div><div class=\"clients-content\" ><img loading=\"lazy\" decoding=\"async\" width=\"600\" height=\"400\" src=\"https:\/\/www.l3g.tn\/wp-content\/uploads\/2024\/06\/l3g1.png\" class=\"attachment-full\" alt=\"\" title=\"l3g1\" srcset=\"https:\/\/www.l3g.tn\/wp-content\/uploads\/2024\/06\/l3g1.png 600w, https:\/\/www.l3g.tn\/wp-content\/uploads\/2024\/06\/l3g1-300x200.png 300w, https:\/\/www.l3g.tn\/wp-content\/uploads\/2024\/06\/l3g1-18x12.png 18w\" sizes=\"auto, (max-width: 600px) 100vw, 600px\" \/><\/div><\/div><script>\n              jQuery(document).ready(function($){\n                if ($(\".slider.clients.kd-client-69fa0ae21a826\").length) {\n                  $(\".slider.clients.kd-client-69fa0ae21a826\").owlCarousel({\n                    stageClass: \"owl-wrapper\",\n                    stageOuterClass: \"owl-wrapper-outer\",\n                    loadedClass: \"owl-carousel\",\n                    responsiveClass:true,\n                    responsive:{\n                      0:{\n                          items:2,dots: false,},\n                      415:{\n                          items:3,dots: false,},\n                      960:{\n                          items:2,dots: false,}\n                    },\n                  });\n                }\n              });\n            <\/script><\/div><\/div><\/div><\/div><div class=\"vc_row wpb_row vc_row-fluid vc_custom_1718149240014 vc_row-bg-position-top\"><div class=\"wpb_column vc_column_container vc_col-sm-12\"><div class=\"vc_column-inner\"><div class=\"wpb_wrapper\"><header class=\"kd-section-title col-lg-12 text-center  subtitle-below-title    vc_custom_1718149631815\" ><h2 class=\"separator_off\" >Conclusion<\/h2><\/header><\/div><\/div><\/div><\/div><div data-vc-full-width=\"true\" data-vc-full-width-init=\"false\" class=\"vc_row wpb_row vc_row-fluid vc_custom_1712243517150 vc_row-has-padding-top vc_row-has-padding-bottom vc_row-bg-position-top\"><div class=\"wpb_column vc_column_container vc_col-sm-12 vc_col-lg-6\"><div class=\"vc_column-inner vc_custom_1717788725399   vc_custom_1717788725408\"><div class=\"wpb_wrapper\"><h6 style=\"font-size: 18px;line-height: 1.6;text-align: justify\" class=\"vc_custom_heading wpb_animate_when_almost_visible wpb_fadeIn fadeIn vc_custom_1718148997971\" >The L3G laboratory plays a crucial role in the advancement of geodynamics and geomaterials, by developing innovative technologies and methods to meet contemporary challenges in spatial information management. Its activities cover a broad spectrum from fundamental research to the implementation of practical solutions, contributing to a better understanding and management of our environment.<\/h6><\/div><\/div><\/div><div class=\"wpb_column vc_column_container vc_col-sm-12 vc_col-lg-6\"><div class=\"vc_column-inner vc_custom_1717788697359   vc_custom_1717788697365\"><div class=\"wpb_wrapper\"><h6 style=\"font-size: 18px;line-height: 1.6;text-align: justify\" class=\"vc_custom_heading wpb_animate_when_almost_visible wpb_fadeIn fadeIn vc_custom_1718149014815\" >In addition to its research, L3G is committed to training future geomatics professionals and researchers, providing them with the guidance they need to excel in their respective fields. Geomatics, through its integration with general geology and structural geology, provides essential tools and techniques for better understanding and management of geological resources and natural phenomena.<\/h6><\/div><\/div><\/div><\/div><div class=\"vc_row-full-width vc_clearfix\"><\/div>\n<\/div>","protected":false},"excerpt":{"rendered":"Exploration G\u00e9onum\u00e9rique : D\u00e9couvrez les Secrets de l'Espace VirtuelLa filiale G\u00e9onum\u00e9rique du L3G s\u2019int\u00e9resse essentiellement \u00e0 La g\u00e9omatique allant de [...]","protected":false},"author":1,"featured_media":0,"parent":0,"menu_order":0,"comment_status":"closed","ping_status":"closed","template":"","meta":{"_EventAllDay":false,"_EventTimezone":"","_EventStartDate":"","_EventEndDate":"","_EventStartDateUTC":"","_EventEndDateUTC":"","_EventShowMap":false,"_EventShowMapLink":false,"_EventURL":"","_EventCost":"","_EventCostDescription":"","_EventCurrencySymbol":"","_EventCurrencyCode":"","_EventCurrencyPosition":"","_EventDateTimeSeparator":"","_EventTimeRangeSeparator":"","_EventOrganizerID":[],"_EventVenueID":[],"_OrganizerEmail":"","_OrganizerPhone":"","_OrganizerWebsite":"","_VenueAddress":"","_VenueCity":"","_VenueCountry":"","_VenueProvince":"","_VenueState":"","_VenueZip":"","_VenuePhone":"","_VenueURL":"","_VenueStateProvince":"","_VenueLat":"","_VenueLng":"","_VenueShowMap":false,"_VenueShowMapLink":false,"footnotes":""},"class_list":["post-10099","page","type-page","status-publish","hentry"],"_links":{"self":[{"href":"https:\/\/www.l3g.tn\/en\/wp-json\/wp\/v2\/pages\/10099","targetHints":{"allow":["GET"]}}],"collection":[{"href":"https:\/\/www.l3g.tn\/en\/wp-json\/wp\/v2\/pages"}],"about":[{"href":"https:\/\/www.l3g.tn\/en\/wp-json\/wp\/v2\/types\/page"}],"author":[{"embeddable":true,"href":"https:\/\/www.l3g.tn\/en\/wp-json\/wp\/v2\/users\/1"}],"replies":[{"embeddable":true,"href":"https:\/\/www.l3g.tn\/en\/wp-json\/wp\/v2\/comments?post=10099"}],"version-history":[{"count":27,"href":"https:\/\/www.l3g.tn\/en\/wp-json\/wp\/v2\/pages\/10099\/revisions"}],"predecessor-version":[{"id":10603,"href":"https:\/\/www.l3g.tn\/en\/wp-json\/wp\/v2\/pages\/10099\/revisions\/10603"}],"wp:attachment":[{"href":"https:\/\/www.l3g.tn\/en\/wp-json\/wp\/v2\/media?parent=10099"}],"curies":[{"name":"wp","href":"https:\/\/api.w.org\/{rel}","templated":true}]}}