{"id":10102,"date":"2024-03-17T15:22:42","date_gmt":"2024-03-17T15:22:42","guid":{"rendered":"https:\/\/www.l3g.tn\/?page_id=10102"},"modified":"2024-03-20T16:50:42","modified_gmt":"2024-03-20T16:50:42","slug":"research-projects","status":"publish","type":"page","link":"https:\/\/www.l3g.tn\/en\/research-projects\/","title":{"rendered":"Research projects"},"content":{"rendered":"<div class=\"wpb-content-wrapper\"><div class=\"vc_row wpb_row vc_row-fluid vc_custom_1710866342418 vc_row-bg-position-top\"><div class=\"wpb_column vc_column_container vc_col-sm-12\"><div class=\"vc_column-inner\"><div class=\"wpb_wrapper\"><div class=\"feature-sections-wrapper navigation-icons kd-fsp-69fa0db7dac99\">\n            <div class=\"feature-sections-tabs with-sticky-topbar\">\n              <nav class=\"kd-feature-tabs\">\n                <ul class=\"nav nav-tabs sticky-tabs container\">\n                <\/ul>\n              <\/nav>\n            <\/div>\n            <section id=\"G\u00e9odynamique\" class=\"featured-right space-services\"><li class=\"nav-label\"><a class=\"feature-tabs-scroll\" href=\"#G\u00e9odynamique\"><span class=\"nav-number\"><\/span><i class=\"fss-nav-icon\" style=\" \"><\/i> Geodynamics<\/a><\/li><div class=\"container\">\n                <div class=\"side-content-wrapper kd-animated fadeInLeft\" data-animation-delay=\"200\"><h2 class=\"side-content-title\" >La G\u00e9odynamique<\/h2><h6 class=\"side-content-subtitle\" >La g\u00e9odynamique explore les processus profonds de notre plan\u00e8te et leur interaction avec la surface terrestre. \u00c0 travers l'\u00e9tude de la g\u00e9ologie structurale, de la fracturation des roches et de la cartographie g\u00e9ologique, notre \u00e9quipe cherche \u00e0 :<\/h6><div class=\"side-content-text\" ><\/p>\n<ul>\n<li>Analyser l&rsquo;\u00e9volution des espaces continentaux et oc\u00e9aniques.<\/li>\n<li>Comprendre les fluctuations oc\u00e9anographiques et climatiques.<\/li>\n<li>Explorer les liens entre g\u00e9osph\u00e8re, biosph\u00e8re, hydrosph\u00e8re et atmosph\u00e8re.<\/li>\n<\/ul>\n<p><\/div><div class=\"side-content-link sc-primary-btn\"><a href=\"https:\/\/www.l3g.tn\/en\/geodynamic-2\/\" target=\"_self\" title=\"See more\" class=\"simple-link button-action-link\">See more<\/a><\/div><\/div><div class=\"side-featured-wrapper fss-rectangle kd-animated fadeInRight fss-shadow-image\" data-animation-delay=\"200\">\n      <div class=\"featured-image\"><a data-size=\"1024x683\" href=\"https:\/\/www.l3g.tn\/wp-content\/uploads\/2024\/03\/1--1024x683.jpg\"><img loading=\"lazy\" decoding=\"async\" width=\"2560\" height=\"1707\" src=\"https:\/\/www.l3g.tn\/wp-content\/uploads\/2024\/03\/1-.jpg\" class=\"attachment-full\" alt=\"\" title=\"1--\" srcset=\"https:\/\/www.l3g.tn\/wp-content\/uploads\/2024\/03\/1-.jpg 2560w, https:\/\/www.l3g.tn\/wp-content\/uploads\/2024\/03\/1--300x200.jpg 300w, https:\/\/www.l3g.tn\/wp-content\/uploads\/2024\/03\/1--1024x683.jpg 1024w, https:\/\/www.l3g.tn\/wp-content\/uploads\/2024\/03\/1--768x512.jpg 768w, https:\/\/www.l3g.tn\/wp-content\/uploads\/2024\/03\/1--1536x1024.jpg 1536w, https:\/\/www.l3g.tn\/wp-content\/uploads\/2024\/03\/1--2048x1366.jpg 2048w, https:\/\/www.l3g.tn\/wp-content\/uploads\/2024\/03\/1--18x12.jpg 18w, https:\/\/www.l3g.tn\/wp-content\/uploads\/2024\/03\/1--800x533.jpg 800w\" sizes=\"auto, (max-width: 2560px) 100vw, 2560px\" \/><\/a><\/div>\n    <\/div><\/div>\n            <\/section><section id=\"G\u00e9onum\u00e9rique\" class=\"featured-left space-services\"><li class=\"nav-label\"><a class=\"feature-tabs-scroll\" href=\"#G\u00e9onum\u00e9rique\"><span class=\"nav-number\"><\/span><i class=\"fss-nav-icon\" style=\" \"><\/i> Geonumeric<\/a><\/li><div class=\"container\">\n                <div class=\"side-content-wrapper kd-animated fadeInRight\" data-animation-delay=\"200\"><h2 class=\"side-content-title\" >La G\u00e9onum\u00e9rique<\/h2><h6 class=\"side-content-subtitle\" >La g\u00e9onum\u00e9rique explore les technologies num\u00e9riques pour \u00e9tudier notre environnement spatial. \u00c0 travers la g\u00e9omatique, la mod\u00e9lisation 3D et l'analyse spatiale, notre \u00e9quipe cherche \u00e0 :<\/h6><div class=\"side-content-text\" ><\/p>\n<ul>\n<li>Collecter et traiter des donn\u00e9es spatiales.<\/li>\n<li>Mod\u00e9liser des environnements en trois dimensions.<\/li>\n<li>Analyser des informations g\u00e9ographiques pour des applications diverses.<\/li>\n<\/ul>\n<p><\/div><div class=\"side-content-link sc-primary-btn\"><a href=\"https:\/\/www.l3g.tn\/en\/geonumeric-2\/\" target=\"_self\" title=\"See more\" class=\"simple-link button-action-link\">See more<\/a><\/div><\/div><div class=\"side-featured-wrapper fss-rectangle kd-animated fadeInLeft fss-shadow-image\" data-animation-delay=\"200\">\n      <div class=\"featured-image\"><a data-size=\"1024x683\" href=\"https:\/\/www.l3g.tn\/wp-content\/uploads\/2024\/03\/2--1024x683.jpg\"><img loading=\"lazy\" decoding=\"async\" width=\"2560\" height=\"1707\" src=\"https:\/\/www.l3g.tn\/wp-content\/uploads\/2024\/03\/2-.jpg\" class=\"attachment-full\" alt=\"\" title=\"2--\" srcset=\"https:\/\/www.l3g.tn\/wp-content\/uploads\/2024\/03\/2-.jpg 2560w, https:\/\/www.l3g.tn\/wp-content\/uploads\/2024\/03\/2--300x200.jpg 300w, https:\/\/www.l3g.tn\/wp-content\/uploads\/2024\/03\/2--1024x683.jpg 1024w, https:\/\/www.l3g.tn\/wp-content\/uploads\/2024\/03\/2--768x512.jpg 768w, https:\/\/www.l3g.tn\/wp-content\/uploads\/2024\/03\/2--1536x1024.jpg 1536w, https:\/\/www.l3g.tn\/wp-content\/uploads\/2024\/03\/2--2048x1366.jpg 2048w, https:\/\/www.l3g.tn\/wp-content\/uploads\/2024\/03\/2--18x12.jpg 18w, https:\/\/www.l3g.tn\/wp-content\/uploads\/2024\/03\/2--800x533.jpg 800w\" sizes=\"auto, (max-width: 2560px) 100vw, 2560px\" \/><\/a><\/div>\n    <\/div><\/div>\n            <\/section><section id=\"G\u00e9omat\u00e9riaux\" class=\"featured-right space-services\"><li class=\"nav-label\"><a class=\"feature-tabs-scroll\" href=\"#G\u00e9omat\u00e9riaux\"><span class=\"nav-number\"><\/span><i class=\"fss-nav-icon\" style=\" \"><\/i> Geomaterials<\/a><\/li><div class=\"container\">\n                <div class=\"side-content-wrapper kd-animated fadeInLeft\" data-animation-delay=\"200\"><h2 class=\"side-content-title\" >Les G\u00e9omat\u00e9riaux<\/h2><h6 class=\"side-content-subtitle\" >Les g\u00e9omat\u00e9riaux explorent les substances terrestres et leur comportement. \u00c0 travers l'\u00e9tude des propri\u00e9t\u00e9s physiques, chimiques et m\u00e9caniques des mat\u00e9riaux g\u00e9ologiques, notre \u00e9quipe cherche \u00e0 :<\/h6><div class=\"side-content-text\" ><\/p>\n<ul>\n<li>Comprendre les processus physiques r\u00e9gissant les g\u00e9omat\u00e9riaux.<\/li>\n<li>Identifier et \u00e9valuer les al\u00e9as et les risques naturels.<\/li>\n<li>D\u00e9velopper des dispositifs de surveillance pour la pr\u00e9vention des risques.<\/li>\n<\/ul>\n<p><\/div><div class=\"side-content-link sc-primary-btn\"><a href=\"https:\/\/www.l3g.tn\/en\/geomaterial-2\/\" target=\"_self\" title=\"See more\" class=\"simple-link button-action-link\">See more<\/a><\/div><\/div><div class=\"side-featured-wrapper fss-rectangle kd-animated fadeInRight fss-shadow-image\" data-animation-delay=\"200\">\n      <div class=\"featured-image\"><a data-size=\"1024x683\" href=\"https:\/\/www.l3g.tn\/wp-content\/uploads\/2024\/03\/3--1024x683.jpg\"><img loading=\"lazy\" decoding=\"async\" width=\"2560\" height=\"1707\" src=\"https:\/\/www.l3g.tn\/wp-content\/uploads\/2024\/03\/3-.jpg\" class=\"attachment-full\" alt=\"\" title=\"3--\" srcset=\"https:\/\/www.l3g.tn\/wp-content\/uploads\/2024\/03\/3-.jpg 2560w, https:\/\/www.l3g.tn\/wp-content\/uploads\/2024\/03\/3--300x200.jpg 300w, https:\/\/www.l3g.tn\/wp-content\/uploads\/2024\/03\/3--1024x683.jpg 1024w, https:\/\/www.l3g.tn\/wp-content\/uploads\/2024\/03\/3--768x512.jpg 768w, https:\/\/www.l3g.tn\/wp-content\/uploads\/2024\/03\/3--1536x1024.jpg 1536w, https:\/\/www.l3g.tn\/wp-content\/uploads\/2024\/03\/3--2048x1366.jpg 2048w, https:\/\/www.l3g.tn\/wp-content\/uploads\/2024\/03\/3--18x12.jpg 18w, https:\/\/www.l3g.tn\/wp-content\/uploads\/2024\/03\/3--800x533.jpg 800w\" sizes=\"auto, (max-width: 2560px) 100vw, 2560px\" \/><\/a><\/div>\n    <\/div><\/div>\n            <\/section>\n            <\/div><style><\/style><\/div><\/div><\/div><\/div><div data-vc-full-width=\"true\" data-vc-full-width-init=\"false\" class=\"vc_row wpb_row vc_row-fluid vc_custom_1710866261345 vc_row-has-padding-top vc_row-has-padding-bottom vc_row-bg-position-top\"><div class=\"wpb_column vc_column_container vc_col-sm-12\"><div class=\"vc_column-inner\"><div class=\"wpb_wrapper\"><div class=\"vc_row wpb_row vc_inner vc_row-fluid vc_row-bg-position-top\"><div class=\"wpb_column vc_column_container vc_col-sm-12\"><div class=\"vc_column-inner\"><div class=\"wpb_wrapper\"><div data-speed=\"2000\" class=\"kd-text-rotator kd-rotatorid-69fa0db7dc175 text-center\"><h2 class=\"kd-text-rotator-container push\" style=\" font-size: 42px;\">L3G Le Laboratoire  <span class=\"kd-rotator-wrapper\"><span class=\"rotator-single is-visible\">Geodynamics<\/span><span class=\"rotator-single\">Geonumeric<\/span><span class=\"rotator-single\">Geomaterials<\/span><\/span><\/h2><\/div><header class=\"kd-section-title col-lg-12 text-center  subtitle-below-title kd-animated fadeIn   vc_custom_1710866754774\" data-animation-delay=\"200\"><h6 class=\"subtitle\" >Please do not hesitate to contact us with any questions, suggestions or potential collaborations. Our team will be happy to answer your questions and provide you with further information on our research activities and current projects.<\/h6><\/header><a   class=\"tt_button tt_primary_button btn_primary_color  button-center panel-trigger-btn   kd-animated zoomIn add-margin-right\" data-animation-delay=\"200\"><span class=\"prim_text\">Contactez-nous<\/span><\/a><\/div><\/div><\/div><\/div><\/div><\/div><\/div><\/div><div class=\"vc_row-full-width vc_clearfix\"><\/div>\n<\/div>","protected":false},"excerpt":{"rendered":"G\u00e9odynamique La G\u00e9odynamiqueLa g\u00e9odynamique explore les processus profonds de notre plan\u00e8te et leur interaction avec la surface terrestre. \u00c0 travers [...]","protected":false},"author":1,"featured_media":0,"parent":0,"menu_order":0,"comment_status":"closed","ping_status":"closed","template":"","meta":{"_EventAllDay":false,"_EventTimezone":"","_EventStartDate":"","_EventEndDate":"","_EventStartDateUTC":"","_EventEndDateUTC":"","_EventShowMap":false,"_EventShowMapLink":false,"_EventURL":"","_EventCost":"","_EventCostDescription":"","_EventCurrencySymbol":"","_EventCurrencyCode":"","_EventCurrencyPosition":"","_EventDateTimeSeparator":"","_EventTimeRangeSeparator":"","_EventOrganizerID":[],"_EventVenueID":[],"_OrganizerEmail":"","_OrganizerPhone":"","_OrganizerWebsite":"","_VenueAddress":"","_VenueCity":"","_VenueCountry":"","_VenueProvince":"","_VenueState":"","_VenueZip":"","_VenuePhone":"","_VenueURL":"","_VenueStateProvince":"","_VenueLat":"","_VenueLng":"","_VenueShowMap":false,"_VenueShowMapLink":false,"footnotes":""},"class_list":["post-10102","page","type-page","status-publish","hentry"],"_links":{"self":[{"href":"https:\/\/www.l3g.tn\/en\/wp-json\/wp\/v2\/pages\/10102","targetHints":{"allow":["GET"]}}],"collection":[{"href":"https:\/\/www.l3g.tn\/en\/wp-json\/wp\/v2\/pages"}],"about":[{"href":"https:\/\/www.l3g.tn\/en\/wp-json\/wp\/v2\/types\/page"}],"author":[{"embeddable":true,"href":"https:\/\/www.l3g.tn\/en\/wp-json\/wp\/v2\/users\/1"}],"replies":[{"embeddable":true,"href":"https:\/\/www.l3g.tn\/en\/wp-json\/wp\/v2\/comments?post=10102"}],"version-history":[{"count":15,"href":"https:\/\/www.l3g.tn\/en\/wp-json\/wp\/v2\/pages\/10102\/revisions"}],"predecessor-version":[{"id":10201,"href":"https:\/\/www.l3g.tn\/en\/wp-json\/wp\/v2\/pages\/10102\/revisions\/10201"}],"wp:attachment":[{"href":"https:\/\/www.l3g.tn\/en\/wp-json\/wp\/v2\/media?parent=10102"}],"curies":[{"name":"wp","href":"https:\/\/api.w.org\/{rel}","templated":true}]}}