{"id":10105,"date":"2024-03-17T15:22:42","date_gmt":"2024-03-17T15:22:42","guid":{"rendered":"https:\/\/www.l3g.tn\/?page_id=10105"},"modified":"2024-03-20T17:10:53","modified_gmt":"2024-03-20T17:10:53","slug":"geodynamic-2","status":"publish","type":"page","link":"https:\/\/www.l3g.tn\/en\/geodynamic-2\/","title":{"rendered":"Geodynamics"},"content":{"rendered":"<div class=\"wpb-content-wrapper\"><div data-vc-full-width=\"true\" data-vc-full-width-init=\"false\" class=\"vc_row wpb_row vc_row-fluid vc_custom_1600778540262 vc_custom_1600778540263 vc_custom_1600778540264 vc_row-has-padding-top vc_row-has-padding-bottom vc_row-bg-position-top\"><div class=\"wpb_column vc_column_container vc_col-sm-12\"><div class=\"vc_column-inner\"><div class=\"wpb_wrapper\"><div class=\"vc_row wpb_row vc_inner vc_row-fluid vc_row-bg-position-top vc_row-o-content-middle vc_row-flex\"><div class=\"wpb_column vc_column_container vc_col-sm-12 vc_col-lg-offset-0 vc_col-lg-6 vc_col-md-offset-1 vc_col-sm-offset-1\"><div class=\"vc_column-inner vc_custom_1599478928488 vc_custom_1599478928490 vc_custom_1599478928491 vc_custom_1599478928492\"><div class=\"wpb_wrapper\"><header class=\"kd-section-title col-lg-12 text-left  subtitle-below-title kd-animated fadeIn   vc_custom_1710877947324\" data-animation-delay=\"200\"><h2 class=\"separator_off\" style=\"margin-bottom:30px;\">Geodynamic exploration:<br \/>\nDiscover the Mysteries of our Planet<\/h2><h6 class=\"subtitle\" >Bienvenue dans notre section d\u00e9di\u00e9e \u00e0 l'exploration g\u00e9odynamique. Ici, nous plongeons dans les profondeurs de notre plan\u00e8te pour comprendre ses processus complexes et fascinants. De l'analyse de l'\u00e9volution des espaces continentaux et oc\u00e9aniques \u00e0 la compr\u00e9hension des fluctuations oc\u00e9anographiques et climatiques, notre \u00e9quipe explore les interactions dynamiques entre les diff\u00e9rentes sph\u00e8res terrestres. Rejoignez-nous dans cette aventure passionnante alors que nous cherchons \u00e0 percer les secrets de la Terre.<\/h6><\/header><\/div><\/div><\/div><div class=\"wpb_column vc_column_container vc_col-sm-12 vc_col-lg-6\"><div class=\"vc_column-inner vc_custom_1599478877559\"><div class=\"wpb_wrapper\"><div class=\"kd-photo-group group-layout-center no-shadow disable-parallax  disable-responsive\">\n                <div class=\"kd-group-image first-image-wrapper\"><div class=\"kd-group-image-animation kd-animated zoomIn\" data-animation-delay=\"400\"><img loading=\"lazy\" decoding=\"async\" width=\"2560\" height=\"1707\" src=\"https:\/\/www.l3g.tn\/wp-content\/uploads\/2024\/03\/1-.jpg\" class=\"attachment-full\" alt=\"\" title=\"1--\" srcset=\"https:\/\/www.l3g.tn\/wp-content\/uploads\/2024\/03\/1-.jpg 2560w, https:\/\/www.l3g.tn\/wp-content\/uploads\/2024\/03\/1--300x200.jpg 300w, https:\/\/www.l3g.tn\/wp-content\/uploads\/2024\/03\/1--1024x683.jpg 1024w, https:\/\/www.l3g.tn\/wp-content\/uploads\/2024\/03\/1--768x512.jpg 768w, https:\/\/www.l3g.tn\/wp-content\/uploads\/2024\/03\/1--1536x1024.jpg 1536w, https:\/\/www.l3g.tn\/wp-content\/uploads\/2024\/03\/1--2048x1366.jpg 2048w, https:\/\/www.l3g.tn\/wp-content\/uploads\/2024\/03\/1--18x12.jpg 18w, https:\/\/www.l3g.tn\/wp-content\/uploads\/2024\/03\/1--800x533.jpg 800w\" sizes=\"auto, (max-width: 2560px) 100vw, 2560px\" \/><\/div><\/div>\n                <div class=\"kd-group-image second-image-wrapper\" style=\"bottom: 0px;\"><div class=\"kd-group-image-animation kd-animated fadeIn\" data-animation-delay=\"800\"><img loading=\"lazy\" decoding=\"async\" width=\"6720\" height=\"4480\" src=\"https:\/\/www.l3g.tn\/wp-content\/uploads\/2024\/03\/transparet.png\" class=\"attachment-full\" alt=\"\" title=\"transparet\" srcset=\"https:\/\/www.l3g.tn\/wp-content\/uploads\/2024\/03\/transparet.png 6720w, https:\/\/www.l3g.tn\/wp-content\/uploads\/2024\/03\/transparet-300x200.png 300w, https:\/\/www.l3g.tn\/wp-content\/uploads\/2024\/03\/transparet-1024x683.png 1024w, https:\/\/www.l3g.tn\/wp-content\/uploads\/2024\/03\/transparet-768x512.png 768w, https:\/\/www.l3g.tn\/wp-content\/uploads\/2024\/03\/transparet-1536x1024.png 1536w, https:\/\/www.l3g.tn\/wp-content\/uploads\/2024\/03\/transparet-2048x1365.png 2048w, https:\/\/www.l3g.tn\/wp-content\/uploads\/2024\/03\/transparet-18x12.png 18w, https:\/\/www.l3g.tn\/wp-content\/uploads\/2024\/03\/transparet-800x533.png 800w\" sizes=\"auto, (max-width: 6720px) 100vw, 6720px\" \/><\/div><\/div>\n            <\/div><\/div><\/div><\/div><\/div><\/div><\/div><\/div><\/div><div class=\"vc_row-full-width vc_clearfix\"><\/div><div class=\"vc_row wpb_row vc_row-fluid vc_custom_1710876632214 vc_row-bg-position-top\"><div class=\"wpb_column vc_column_container vc_col-sm-12\"><div class=\"vc_column-inner\"><div class=\"wpb_wrapper\">\n<div class=\"vc_grid-container-wrapper vc_clearfix\">\n\t<div class=\"vc_grid-container vc_clearfix wpb_content_element vc_media_grid\" data-initial-loading-animation=\"fadeIn\" data-vc-grid-settings=\"{&quot;page_id&quot;:10105,&quot;style&quot;:&quot;all&quot;,&quot;action&quot;:&quot;vc_get_vc_grid_data&quot;,&quot;shortcode_id&quot;:&quot;1710954633045-6c5b0680-9544-0&quot;,&quot;tag&quot;:&quot;vc_media_grid&quot;}\" data-vc-request=\"https:\/\/www.l3g.tn\/wp-admin\/admin-ajax.php\" data-vc-post-id=\"10105\" data-vc-public-nonce=\"d124039cb7\">\n\t\t\n\t<\/div>\n<\/div><\/div><\/div><\/div><\/div><div data-vc-full-width=\"true\" data-vc-full-width-init=\"false\" class=\"vc_row wpb_row vc_row-fluid vc_custom_1710866261345 vc_row-has-padding-top vc_row-has-padding-bottom vc_row-bg-position-top\"><div class=\"wpb_column vc_column_container vc_col-sm-12\"><div class=\"vc_column-inner\"><div class=\"wpb_wrapper\"><div class=\"vc_row wpb_row vc_inner vc_row-fluid vc_row-bg-position-top\"><div class=\"wpb_column vc_column_container vc_col-sm-12\"><div class=\"vc_column-inner\"><div class=\"wpb_wrapper\"><div data-speed=\"2000\" class=\"kd-text-rotator kd-rotatorid-69fa32fd6a8a9 text-center\"><h2 class=\"kd-text-rotator-container push\" style=\" font-size: 42px;\">L3G Le Laboratoire <span class=\"kd-rotator-wrapper\"><span class=\"rotator-single is-visible\">Geodynamics<\/span><span class=\"rotator-single\">Geonumeric<\/span><span class=\"rotator-single\">Geomaterials<\/span><\/span><\/h2><\/div><header class=\"kd-section-title col-lg-12 text-center  subtitle-below-title kd-animated fadeIn   vc_custom_1710866754774\" data-animation-delay=\"200\"><h6 class=\"subtitle\" >Please do not hesitate to contact us with any questions, suggestions or potential collaborations. Our team will be happy to answer your questions and provide you with further information on our research activities and current projects.<\/h6><\/header><a   class=\"tt_button tt_primary_button btn_primary_color  button-center panel-trigger-btn   kd-animated zoomIn add-margin-right\" data-animation-delay=\"200\"><span class=\"prim_text\">Contactez-nous<\/span><\/a><\/div><\/div><\/div><\/div><\/div><\/div><\/div><\/div><div class=\"vc_row-full-width vc_clearfix\"><\/div>\n<\/div>","protected":false},"excerpt":{"rendered":"Exploration G\u00e9odynamique: D\u00e9couvrez les Myst\u00e8res de notre Plan\u00e8teBienvenue dans notre section d\u00e9di\u00e9e \u00e0 l'exploration g\u00e9odynamique. Ici, nous plongeons dans les [...]","protected":false},"author":1,"featured_media":0,"parent":0,"menu_order":0,"comment_status":"closed","ping_status":"closed","template":"","meta":{"_EventAllDay":false,"_EventTimezone":"","_EventStartDate":"","_EventEndDate":"","_EventStartDateUTC":"","_EventEndDateUTC":"","_EventShowMap":false,"_EventShowMapLink":false,"_EventURL":"","_EventCost":"","_EventCostDescription":"","_EventCurrencySymbol":"","_EventCurrencyCode":"","_EventCurrencyPosition":"","_EventDateTimeSeparator":"","_EventTimeRangeSeparator":"","_EventOrganizerID":[],"_EventVenueID":[],"_OrganizerEmail":"","_OrganizerPhone":"","_OrganizerWebsite":"","_VenueAddress":"","_VenueCity":"","_VenueCountry":"","_VenueProvince":"","_VenueState":"","_VenueZip":"","_VenuePhone":"","_VenueURL":"","_VenueStateProvince":"","_VenueLat":"","_VenueLng":"","_VenueShowMap":false,"_VenueShowMapLink":false,"footnotes":""},"class_list":["post-10105","page","type-page","status-publish","hentry"],"_links":{"self":[{"href":"https:\/\/www.l3g.tn\/en\/wp-json\/wp\/v2\/pages\/10105","targetHints":{"allow":["GET"]}}],"collection":[{"href":"https:\/\/www.l3g.tn\/en\/wp-json\/wp\/v2\/pages"}],"about":[{"href":"https:\/\/www.l3g.tn\/en\/wp-json\/wp\/v2\/types\/page"}],"author":[{"embeddable":true,"href":"https:\/\/www.l3g.tn\/en\/wp-json\/wp\/v2\/users\/1"}],"replies":[{"embeddable":true,"href":"https:\/\/www.l3g.tn\/en\/wp-json\/wp\/v2\/comments?post=10105"}],"version-history":[{"count":3,"href":"https:\/\/www.l3g.tn\/en\/wp-json\/wp\/v2\/pages\/10105\/revisions"}],"predecessor-version":[{"id":10282,"href":"https:\/\/www.l3g.tn\/en\/wp-json\/wp\/v2\/pages\/10105\/revisions\/10282"}],"wp:attachment":[{"href":"https:\/\/www.l3g.tn\/en\/wp-json\/wp\/v2\/media?parent=10105"}],"curies":[{"name":"wp","href":"https:\/\/api.w.org\/{rel}","templated":true}]}}