{"id":5752,"date":"2018-10-22T13:48:34","date_gmt":"2018-10-22T13:48:34","guid":{"rendered":"https:\/\/www.ekko-wp.com\/?page_id=5752"},"modified":"2024-06-12T10:39:11","modified_gmt":"2024-06-12T10:39:11","slug":"contact-fst","status":"publish","type":"page","link":"https:\/\/www.l3g.tn\/en\/contact-fst\/","title":{"rendered":"Contact"},"content":{"rendered":"<div class=\"wpb-content-wrapper\"><div data-vc-full-width=\"true\" data-vc-full-width-init=\"false\" class=\"vc_row wpb_row vc_row-fluid vc_custom_1605801327239 vc_custom_1605801327240 vc_row-has-padding-top vc_row-has-padding-bottom vc_row-bg-position-top\"><div class=\"wpb_column vc_column_container vc_col-sm-12\"><div class=\"vc_column-inner\"><div class=\"wpb_wrapper\"><div class=\"vc_row wpb_row vc_inner vc_row-fluid vc_row-bg-position-top vc_row-o-content-middle vc_row-flex\"><div class=\"wpb_column vc_column_container vc_col-sm-6 vc_col-lg-6 vc_col-md-12\"><div class=\"vc_column-inner vc_custom_1600784379181 vc_custom_1600784379181 vc_custom_1600784379182 vc_custom_1600784379182\"><div class=\"wpb_wrapper\"><header class=\"kd-section-title col-lg-12 text-left  subtitle-below-title  text-justify\" ><h6 class=\"subtitle\" >Nous vous invitons \u00e0 nous contacter pour toute question, demande d'information ou collaboration potentielle. Au Laboratoire L3G, nous sommes toujours heureux d'\u00e9changer avec des partenaires potentiels, des chercheurs passionn\u00e9s ou toute personne int\u00e9ress\u00e9e par nos travaux. Que vous soyez un \u00e9tudiant, un chercheur, une entreprise ou une institution, nous sommes l\u00e0 pour r\u00e9pondre \u00e0 vos besoins et explorer ensemble de nouvelles opportunit\u00e9s.<\/h6><\/header><\/div><\/div><\/div><div class=\"with-shadow wpb_column vc_column_container vc_col-sm-6 vc_col-lg-6 vc_col-md-12 vc_col-has-fill\"><div class=\"vc_column-inner vc_custom_1600784305508 vc_custom_1600784305508 vc_custom_1600784305509 vc_custom_1600784305509\"><div class=\"wpb_wrapper\"><header class=\"kd-section-title col-lg-12 text-center  subtitle-below-title kd-animated fadeIn   vc_custom_1712249182344\" data-animation-delay=\"200\"><h4 class=\"separator_off\" >Vous avez une question ou besoin d'aide ?<\/h4><h6 class=\"subtitle\" style=\"font-size:15px;\">Remplissez le formulaire ci-dessous et notre \u00e9quipe vous r\u00e9pondra dans les plus brefs d\u00e9lais.<\/h6><\/header><div class=\"kd-contact-form full-width-cf  cf-with-border   kd-animated fadeIn\" data-animation-delay=\"400\">\n<div class=\"wpcf7 no-js\" id=\"wpcf7-f8644-o1\" lang=\"en-US\" dir=\"ltr\">\n<div class=\"screen-reader-response\"><p role=\"status\" aria-live=\"polite\" aria-atomic=\"true\"><\/p> <ul><\/ul><\/div>\n<form action=\"\/en\/wp-json\/wp\/v2\/pages\/5752#wpcf7-f8644-o1\" method=\"post\" class=\"wpcf7-form init\" aria-label=\"Contact form\" novalidate=\"novalidate\" data-status=\"init\" data-trp-original-action=\"\/en\/wp-json\/wp\/v2\/pages\/5752#wpcf7-f8644-o1\">\n<div style=\"display: none;\">\n<input type=\"hidden\" name=\"_wpcf7\" value=\"8644\" \/>\n<input type=\"hidden\" name=\"_wpcf7_version\" value=\"5.8.7\" \/>\n<input type=\"hidden\" name=\"_wpcf7_locale\" value=\"en_US\" \/>\n<input type=\"hidden\" name=\"_wpcf7_unit_tag\" value=\"wpcf7-f8644-o1\" \/>\n<input type=\"hidden\" name=\"_wpcf7_container_post\" value=\"0\" \/>\n<input type=\"hidden\" name=\"_wpcf7_posted_data_hash\" value=\"\" \/>\n<\/div>\n<p><span class=\"wpcf7-form-control-wrap\" data-name=\"your-name\"><input size=\"40\" class=\"wpcf7-form-control wpcf7-text wpcf7-validates-as-required\" aria-required=\"true\" aria-invalid=\"false\" placeholder=\"Enter your name\" value=\"\" type=\"text\" name=\"your-name\" \/><\/span><br \/>\n<span class=\"wpcf7-form-control-wrap\" data-name=\"your-email\"><input size=\"40\" class=\"wpcf7-form-control wpcf7-email wpcf7-validates-as-required wpcf7-text wpcf7-validates-as-email\" aria-required=\"true\" aria-invalid=\"false\" placeholder=\"Entrer votre Email\" value=\"\" type=\"email\" name=\"your-email\" \/><\/span><br \/>\n<span class=\"wpcf7-form-control-wrap\" data-name=\"your-message\"><textarea cols=\"40\" rows=\"10\" class=\"wpcf7-form-control wpcf7-textarea\" aria-invalid=\"false\" placeholder=\"Your message\" name=\"your-message\"><\/textarea><\/span><br \/>\n<input class=\"wpcf7-form-control wpcf7-submit has-spinner\" type=\"submit\" value=\"Soumettre\" \/>\n<\/p><div class=\"wpcf7-response-output\" aria-hidden=\"true\"><\/div>\n<input type=\"hidden\" name=\"trp-form-language\" value=\"en\"\/><\/form>\n<\/div>\n<\/div><\/div><\/div><\/div><\/div><\/div><\/div><\/div><\/div><div class=\"vc_row-full-width vc_clearfix\"><\/div><div data-vc-full-width=\"true\" data-vc-full-width-init=\"false\" data-vc-stretch-content=\"true\" class=\"vc_row wpb_row vc_row-fluid vc_row-no-padding vc_row-bg-position-top vc_row-main-color-overlay vc_row-o-content-middle vc_row-flex\"><div class=\"wpb_column vc_column_container vc_col-sm-6 vc_col-lg-6 vc_col-md-12\"><div class=\"vc_column-inner vc_custom_1522242793531\"><div class=\"wpb_wrapper\">\n\t<div class=\"wpb_raw_code wpb_content_element wpb_raw_html\" >\n\t\t<div class=\"wpb_wrapper\">\n\t\t\t<iframe src=\"https:\/\/www.google.com\/maps\/embed?pb=!1m18!1m12!1m3!1d1979.0934143571747!2d10.146702326495932!3d36.833007823136334!2m3!1f0!2f0!3f0!3m2!1i1024!2i768!4f13.1!3m3!1m2!1s0x12fd3312d1a7b42d%3A0x87f0e41dd9fa97e0!2sD%C3%A9partement%20de%20Biologie!5e0!3m2!1sen!2stn!4v1718188064623!5m2!1sen!2stn\" width=\"100%\" height=\"500px\" style=\"border:0;\" allowfullscreen=\"\" loading=\"lazy\" referrerpolicy=\"no-referrer-when-downgrade\"><\/iframe>\n\t\t<\/div>\n\t<\/div>\n<\/div><\/div><\/div><div class=\"wpb_column vc_column_container vc_col-sm-6 vc_col-lg-6 vc_col-md-12\"><div class=\"vc_column-inner vc_custom_1598451985596  vc_custom_1598451985597 vc_custom_1598451985597\"><div class=\"wpb_wrapper\"><div class=\"vc_row wpb_row vc_inner vc_row-fluid vc_row-bg-position-top vc_row-o-content-middle vc_row-flex\"><div class=\"wpb_column vc_column_container vc_col-sm-7\"><div class=\"vc_column-inner\"><div class=\"wpb_wrapper\"><div class=\"key-icon-box icon-default icon-left cont-left ib-no-effect     icon-no-background icon-with-border kd-animated fadeIn\" style=\"background-color: transparent;margin-bottom:40px;\" ><div class=\"ib-icon-wrapper\" style=\"border: 1px solid #bebffc;\"><i class=\"iconsmind-Map-Marker iconsmind-Maps-Locations\" style=\"font-size: 22px;font-weight: 700;\"><\/i> <\/div><h6 class=\"service-heading\" >University of Tunis - El Manar<\/h6><p >FST, University Campus El-Manar, 2092 El Manar Tunis<\/p><\/div><div class=\"key-icon-box icon-default icon-left cont-left ib-no-effect     icon-no-background icon-with-border kd-animated fadeIn\" style=\"background-color: transparent;margin-bottom:40px;\" data-animation-delay=\"200\"><div class=\"ib-icon-wrapper\" style=\"border: 1px solid #bebffc;\"><i class=\"iconsmind-Speach-Bubble iconsmind-Speech-Bubbles\" style=\"font-size: 22px;font-weight: 700;\"><\/i> <\/div><h6 class=\"service-heading\" >+216 71 872 600<\/h6><p >Contact us directly for fast, personalized assistance.<\/p><\/div><div class=\"key-icon-box icon-default icon-left cont-left ib-no-effect     icon-no-background icon-with-border kd-animated fadeIn\" style=\"background-color: transparent;\" data-animation-delay=\"400\"><div class=\"ib-icon-wrapper\" style=\"border: 1px solid #bebffc;\"><i class=\"iconsmind-Envelope-2 iconsmind-Emails\" style=\"font-size: 22px;font-weight: 700;\"><\/i> <\/div><h6 class=\"service-heading\" >geologie.l3g@fst.utm.tn<\/h6><p >Connect with us by e-mail to explore partnership opportunities and more.<\/p><\/div><\/div><\/div><\/div><div class=\"wpb_column vc_column_container vc_col-sm-5 vc_hidden-md vc_hidden-sm vc_hidden-xs\"><div class=\"vc_column-inner\"><div class=\"wpb_wrapper\"><\/div><\/div><\/div><\/div><\/div><\/div><\/div><\/div><div class=\"vc_row-full-width vc_clearfix\"><\/div>\n<\/div>","protected":false},"excerpt":{"rendered":"Nous vous invitons \u00e0 nous contacter pour toute question, demande d'information ou collaboration potentielle. Au Laboratoire L3G, nous sommes toujours [...]","protected":false},"author":1,"featured_media":0,"parent":0,"menu_order":0,"comment_status":"closed","ping_status":"closed","template":"","meta":{"_EventAllDay":false,"_EventTimezone":"","_EventStartDate":"","_EventEndDate":"","_EventStartDateUTC":"","_EventEndDateUTC":"","_EventShowMap":false,"_EventShowMapLink":false,"_EventURL":"","_EventCost":"","_EventCostDescription":"","_EventCurrencySymbol":"","_EventCurrencyCode":"","_EventCurrencyPosition":"","_EventDateTimeSeparator":"","_EventTimeRangeSeparator":"","_EventOrganizerID":[],"_EventVenueID":[],"_OrganizerEmail":"","_OrganizerPhone":"","_OrganizerWebsite":"","_VenueAddress":"","_VenueCity":"","_VenueCountry":"","_VenueProvince":"","_VenueState":"","_VenueZip":"","_VenuePhone":"","_VenueURL":"","_VenueStateProvince":"","_VenueLat":"","_VenueLng":"","_VenueShowMap":false,"_VenueShowMapLink":false,"footnotes":""},"class_list":["post-5752","page","type-page","status-publish","hentry"],"_links":{"self":[{"href":"https:\/\/www.l3g.tn\/en\/wp-json\/wp\/v2\/pages\/5752","targetHints":{"allow":["GET"]}}],"collection":[{"href":"https:\/\/www.l3g.tn\/en\/wp-json\/wp\/v2\/pages"}],"about":[{"href":"https:\/\/www.l3g.tn\/en\/wp-json\/wp\/v2\/types\/page"}],"author":[{"embeddable":true,"href":"https:\/\/www.l3g.tn\/en\/wp-json\/wp\/v2\/users\/1"}],"replies":[{"embeddable":true,"href":"https:\/\/www.l3g.tn\/en\/wp-json\/wp\/v2\/comments?post=5752"}],"version-history":[{"count":22,"href":"https:\/\/www.l3g.tn\/en\/wp-json\/wp\/v2\/pages\/5752\/revisions"}],"predecessor-version":[{"id":10665,"href":"https:\/\/www.l3g.tn\/en\/wp-json\/wp\/v2\/pages\/5752\/revisions\/10665"}],"wp:attachment":[{"href":"https:\/\/www.l3g.tn\/en\/wp-json\/wp\/v2\/media?parent=5752"}],"curies":[{"name":"wp","href":"https:\/\/api.w.org\/{rel}","templated":true}]}}